{"id":16,"date":"2024-11-11T09:00:35","date_gmt":"2024-11-11T08:00:35","guid":{"rendered":"http:\/\/www.digitumconsulting.com\/?page_id=16"},"modified":"2025-10-30T22:23:40","modified_gmt":"2025-10-30T21:23:40","slug":"nos-services","status":"publish","type":"page","link":"https:\/\/www.digitumconsulting.com\/?page_id=16","title":{"rendered":"Nos services"},"content":{"rendered":"\n<h2 class=\"wp-block-heading\">Nos services<\/h2>\n\n\n\n<h3 class=\"wp-block-heading has-small-font-size\"><a href=\"https:\/\/www.digitumconsulting.com\/?page_id=221\" data-type=\"page\" data-id=\"221\">Pour les photographes<\/a><\/h3>\n\n\n\n<ul class=\"wp-block-list\">\n<li class=\"has-extra-small-font-size\"><strong>Optimisation des m\u00e9tadonn\u00e9es photographiques<\/strong> : cr\u00e9ation et int\u00e9gration de m\u00e9tadonn\u00e9es conformes aux normes IPTC pour am\u00e9liorer la visibilit\u00e9 et la recherche.<\/li>\n\n\n\n<li class=\"has-extra-small-font-size\"><strong>Automatisation &amp; normalisation<\/strong> : mise en place d\u2019outils avanc\u00e9s pour standardiser et acc\u00e9l\u00e9rer vos processus.<\/li>\n\n\n\n<li class=\"has-extra-small-font-size\"><strong>Conformit\u00e9 avec les agences photo<\/strong> : accompagnement pour r\u00e9pondre efficacement aux exigences du march\u00e9.<\/li>\n\n\n\n<li class=\"has-extra-small-font-size\"><strong>Protection des droits d\u2019auteur<\/strong> : int\u00e9gration des <em>Content Credentials<\/em> (Adobe\/CAI\/C2PA) afin de garantir l\u2019authenticit\u00e9 et la tra\u00e7abilit\u00e9 de vos images.<\/li>\n<\/ul>\n\n\n\n<h3 class=\"wp-block-heading has-small-font-size\"><a href=\"https:\/\/www.digitumconsulting.com\/?page_id=231\" data-type=\"page\" data-id=\"231\">Pour les collectionneurs<\/a><\/h3>\n\n\n\n<ul class=\"wp-block-list\">\n<li class=\"has-extra-small-font-size\"><strong>Strat\u00e9gies de gestion et d\u2019archivage<\/strong> : mise en place de solutions adapt\u00e9es pour pr\u00e9server vos collections.<\/li>\n\n\n\n<li class=\"has-extra-small-font-size\"><strong>Organisation des fonds photographiques<\/strong> : gestion professionnelle pour particuliers, institutions et mus\u00e9es.<\/li>\n\n\n\n<li class=\"has-extra-small-font-size\"><strong>Analyse et enrichissement documentaire<\/strong> : extraction et traitement des informations pour valoriser vos archives, y compris les collections anciennes.<\/li>\n<\/ul>\n\n\n\n<h3 class=\"wp-block-heading has-small-font-size\">Formation &amp; accompagnement personnalis\u00e9<\/h3>\n\n\n\n<ul class=\"wp-block-list\">\n<li class=\"has-extra-small-font-size\"><strong>Sessions individuelles<\/strong> pour optimiser vos workflows cr\u00e9atifs.<\/li>\n\n\n\n<li class=\"has-extra-small-font-size\"><strong>Ateliers et webinaires<\/strong> sur l\u2019utilisation des m\u00e9tadonn\u00e9es, des normes IPTC et des outils d\u2019archivage.<\/li>\n\n\n\n<li class=\"has-extra-small-font-size\"><strong>Formations pratiques<\/strong> \u00e0 la gestion et \u00e0 la post-production pour renforcer vos comp\u00e9tences professionnelles.<\/li>\n<\/ul>\n","protected":false},"excerpt":{"rendered":"<p>Nos services Pour les photographes Pour les collectionneurs Formation &amp; accompagnement personnalis\u00e9<\/p>\n","protected":false},"author":1,"featured_media":0,"parent":0,"menu_order":0,"comment_status":"closed","ping_status":"closed","template":"","meta":{"footnotes":""},"class_list":["post-16","page","type-page","status-publish","hentry"],"_links":{"self":[{"href":"https:\/\/www.digitumconsulting.com\/index.php?rest_route=\/wp\/v2\/pages\/16","targetHints":{"allow":["GET"]}}],"collection":[{"href":"https:\/\/www.digitumconsulting.com\/index.php?rest_route=\/wp\/v2\/pages"}],"about":[{"href":"https:\/\/www.digitumconsulting.com\/index.php?rest_route=\/wp\/v2\/types\/page"}],"author":[{"embeddable":true,"href":"https:\/\/www.digitumconsulting.com\/index.php?rest_route=\/wp\/v2\/users\/1"}],"replies":[{"embeddable":true,"href":"https:\/\/www.digitumconsulting.com\/index.php?rest_route=%2Fwp%2Fv2%2Fcomments&post=16"}],"version-history":[{"count":10,"href":"https:\/\/www.digitumconsulting.com\/index.php?rest_route=\/wp\/v2\/pages\/16\/revisions"}],"predecessor-version":[{"id":284,"href":"https:\/\/www.digitumconsulting.com\/index.php?rest_route=\/wp\/v2\/pages\/16\/revisions\/284"}],"wp:attachment":[{"href":"https:\/\/www.digitumconsulting.com\/index.php?rest_route=%2Fwp%2Fv2%2Fmedia&parent=16"}],"curies":[{"name":"wp","href":"https:\/\/api.w.org\/{rel}","templated":true}]}}