{"id":2,"date":"2024-11-11T08:40:34","date_gmt":"2024-11-11T07:40:34","guid":{"rendered":"http:\/\/www.digitumconsulting.com\/?page_id=2"},"modified":"2026-03-24T13:16:53","modified_gmt":"2026-03-24T12:16:53","slug":"page-d-exemple","status":"publish","type":"page","link":"https:\/\/www.digitumconsulting.com\/","title":{"rendered":"Page accueil"},"content":{"rendered":"\n<p class=\"has-small-font-size\"><strong>Digitum Consulting<\/strong> est sp\u00e9cialis\u00e9e dans la gestion de projets photographiques et l\u2019optimisation des m\u00e9tadonn\u00e9es pour les professionnels de l\u2019image. Nous offrons des services complets pour aider les photographes et cr\u00e9ateurs \u00e0 structurer, prot\u00e9ger et valoriser leurs \u0153uvres tout en respectant les normes internationales. Notre mission est de fournir des solutions innovantes et personnalis\u00e9es qui maximisent la visibilit\u00e9 des images, garantissent leur conformit\u00e9 aux standards, et simplifient la gestion de projets cr\u00e9atifs.<\/p>\n\n\n\n<p class=\"has-small-font-size\">Avec une expertise approfondie en m\u00e9tadonn\u00e9es (IPTC, EXIF, XMP, Content Credentials) et en gestion de projets photographiques, <strong>Digitum Consulting<\/strong> accompagne les artistes, agences, institutions et entreprises dans tous les aspects de la production, de la post-production et de l\u2019archivage, en apportant des outils pratiques et des strat\u00e9gies adapt\u00e9es \u00e0 leurs besoins.<\/p>\n\n\n\n<p class=\"has-small-font-size\">Digitum Consulting est membre du Content Authenticity Initiative<br><br><a href=\"https:\/\/contentauthenticity.org\/\"><img loading=\"lazy\" decoding=\"async\" width=\"200\" height=\"61\" class=\"wp-image-193\" style=\"width: 200px;\" src=\"http:\/\/www.digitumconsulting.com\/wp-content\/uploads\/2024\/12\/CAI_Lockup_RGB_Black-scaled.jpg\" alt=\"\" srcset=\"https:\/\/www.digitumconsulting.com\/wp-content\/uploads\/2024\/12\/CAI_Lockup_RGB_Black-scaled.jpg 2560w, https:\/\/www.digitumconsulting.com\/wp-content\/uploads\/2024\/12\/CAI_Lockup_RGB_Black-300x91.jpg 300w, https:\/\/www.digitumconsulting.com\/wp-content\/uploads\/2024\/12\/CAI_Lockup_RGB_Black-1024x310.jpg 1024w, https:\/\/www.digitumconsulting.com\/wp-content\/uploads\/2024\/12\/CAI_Lockup_RGB_Black-768x232.jpg 768w, https:\/\/www.digitumconsulting.com\/wp-content\/uploads\/2024\/12\/CAI_Lockup_RGB_Black-1536x465.jpg 1536w, https:\/\/www.digitumconsulting.com\/wp-content\/uploads\/2024\/12\/CAI_Lockup_RGB_Black-2048x620.jpg 2048w\" sizes=\"auto, (max-width: 200px) 100vw, 200px\" \/><\/a><\/p>\n\n\n\n<p><\/p>\n","protected":false},"excerpt":{"rendered":"<p>Digitum Consulting est sp\u00e9cialis\u00e9e dans la gestion de projets photographiques et l\u2019optimisation des m\u00e9tadonn\u00e9es pour les professionnels de l\u2019image. Nous offrons des services complets pour&hellip;<\/p>\n","protected":false},"author":1,"featured_media":0,"parent":0,"menu_order":0,"comment_status":"closed","ping_status":"open","template":"","meta":{"footnotes":""},"class_list":["post-2","page","type-page","status-publish","hentry"],"_links":{"self":[{"href":"https:\/\/www.digitumconsulting.com\/index.php?rest_route=\/wp\/v2\/pages\/2","targetHints":{"allow":["GET"]}}],"collection":[{"href":"https:\/\/www.digitumconsulting.com\/index.php?rest_route=\/wp\/v2\/pages"}],"about":[{"href":"https:\/\/www.digitumconsulting.com\/index.php?rest_route=\/wp\/v2\/types\/page"}],"author":[{"embeddable":true,"href":"https:\/\/www.digitumconsulting.com\/index.php?rest_route=\/wp\/v2\/users\/1"}],"replies":[{"embeddable":true,"href":"https:\/\/www.digitumconsulting.com\/index.php?rest_route=%2Fwp%2Fv2%2Fcomments&post=2"}],"version-history":[{"count":14,"href":"https:\/\/www.digitumconsulting.com\/index.php?rest_route=\/wp\/v2\/pages\/2\/revisions"}],"predecessor-version":[{"id":357,"href":"https:\/\/www.digitumconsulting.com\/index.php?rest_route=\/wp\/v2\/pages\/2\/revisions\/357"}],"wp:attachment":[{"href":"https:\/\/www.digitumconsulting.com\/index.php?rest_route=%2Fwp%2Fv2%2Fmedia&parent=2"}],"curies":[{"name":"wp","href":"https:\/\/api.w.org\/{rel}","templated":true}]}}