{"id":53,"date":"2024-11-12T08:55:46","date_gmt":"2024-11-12T07:55:46","guid":{"rendered":"https:\/\/www.digitumconsulting.com\/?page_id=53"},"modified":"2024-12-16T09:11:52","modified_gmt":"2024-12-16T08:11:52","slug":"53-2","status":"publish","type":"page","link":"https:\/\/www.digitumconsulting.com\/?page_id=53","title":{"rendered":"Articles"},"content":{"rendered":"\n<p class=\"has-huge-font-size\"><\/p>\n\n\n<ul style=\"padding-top:0;padding-bottom:0;\" class=\"wp-block-latest-posts__list wp-block-latest-posts has-small-font-size\"><li><a class=\"wp-block-latest-posts__post-title\" href=\"https:\/\/www.digitumconsulting.com\/?p=337\">M\u00e9tadonn\u00e9es : pourquoi 10 mots-cl\u00e9s valent mieux que 100<\/a><\/li>\n<li><a class=\"wp-block-latest-posts__post-title\" href=\"https:\/\/www.digitumconsulting.com\/?p=330\">Sauvegarde : le mythe du disque externe (et pourquoi il faut la r\u00e8gle 3-2-1)<\/a><\/li>\n<li><a class=\"wp-block-latest-posts__post-title\" href=\"https:\/\/www.digitumconsulting.com\/?p=326\">Lightroom Classic : trouvez n&rsquo;importe quelle photo en quelques secondes<\/a><\/li>\n<li><a class=\"wp-block-latest-posts__post-title\" href=\"https:\/\/www.digitumconsulting.com\/?p=321\">Pourquoi la plupart des collections photographiques sont en danger (et comment y rem\u00e9dier)<\/a><\/li>\n<li><a class=\"wp-block-latest-posts__post-title\" href=\"https:\/\/www.digitumconsulting.com\/?p=314\">Pourquoi le champ \u2018Auteur\u2019 est essentiel : la premi\u00e8re protection de vos photos en ligne<\/a><\/li>\n<li><a class=\"wp-block-latest-posts__post-title\" href=\"https:\/\/www.digitumconsulting.com\/?p=298\">Pourquoi tous les photographes d&rsquo;aujourd&rsquo;hui devraient bien g\u00e9rer leurs m\u00e9tadonn\u00e9es<\/a><\/li>\n<li><a class=\"wp-block-latest-posts__post-title\" href=\"https:\/\/www.digitumconsulting.com\/?p=275\">Liccium : une nouvelle couche de confiance aux c\u00f4t\u00e9s des m\u00e9tadonn\u00e9es et des Content Credentials<\/a><\/li>\n<li><a class=\"wp-block-latest-posts__post-title\" href=\"https:\/\/www.digitumconsulting.com\/?p=270\">IA et cr\u00e9ation d\u2019images : opt-in, opt-out\u2026 et comment prot\u00e9ger votre patrimoine visuel ?<\/a><\/li>\n<li><a class=\"wp-block-latest-posts__post-title\" href=\"https:\/\/www.digitumconsulting.com\/?p=263\">Les photographes doivent-ils avoir peur de l\u2019intelligence artificielle ?<\/a><\/li>\n<li><a class=\"wp-block-latest-posts__post-title\" href=\"https:\/\/www.digitumconsulting.com\/?p=257\">Pourquoi les photographes devraient s\u2019int\u00e9resser aux NFT<\/a><\/li>\n<li><a class=\"wp-block-latest-posts__post-title\" href=\"https:\/\/www.digitumconsulting.com\/?p=211\">La M\u00e9moire des images : quand les m\u00e9tadonn\u00e9es parlent pour l\u2019artiste<\/a><\/li>\n<li><a class=\"wp-block-latest-posts__post-title\" href=\"https:\/\/www.digitumconsulting.com\/?p=197\">Simplifiez la gestion de vos fichiers : une cl\u00e9 pour les photographes et cr\u00e9atifs<\/a><\/li>\n<li><a class=\"wp-block-latest-posts__post-title\" href=\"https:\/\/www.digitumconsulting.com\/?p=71\">Archiver et Pr\u00e9server Vos Photos : L\u2019Importance d\u2019une Gestion Structur\u00e9e<\/a><\/li>\n<li><a class=\"wp-block-latest-posts__post-title\" href=\"https:\/\/www.digitumconsulting.com\/?p=129\">L&rsquo;importance des Content Credentials pour les photographes<\/a><\/li>\n<li><a class=\"wp-block-latest-posts__post-title\" href=\"https:\/\/www.digitumconsulting.com\/?p=67\">Pourquoi Une Gestion Efficace de Vos Photos Fait Toute la Diff\u00e9rence<\/a><\/li>\n<li><a class=\"wp-block-latest-posts__post-title\" href=\"https:\/\/www.digitumconsulting.com\/?p=119\">Ce qu&rsquo;il ne faut pas faire<\/a><\/li>\n<li><a class=\"wp-block-latest-posts__post-title\" href=\"https:\/\/www.digitumconsulting.com\/?p=112\">Pourquoi un collectionneur de photographies devrait utiliser des m\u00e9tadonn\u00e9es pour g\u00e9rer sa collection<\/a><\/li>\n<li><a class=\"wp-block-latest-posts__post-title\" href=\"https:\/\/www.digitumconsulting.com\/?p=69\">Investir dans la formation pour am\u00e9liorer votre processus de travail photographique<\/a><\/li>\n<li><a class=\"wp-block-latest-posts__post-title\" href=\"https:\/\/www.digitumconsulting.com\/?p=73\">Les m\u00e9tadonn\u00e9es : un pilier pour rendre vos photos visibles et prot\u00e9g\u00e9es<\/a><\/li>\n<li><a class=\"wp-block-latest-posts__post-title\" href=\"https:\/\/www.digitumconsulting.com\/?p=49\">Les Content Credentials : une r\u00e9volution pour la photographie num\u00e9rique<\/a><\/li>\n<li><a class=\"wp-block-latest-posts__post-title\" href=\"https:\/\/www.digitumconsulting.com\/?p=37\">Pourquoi optimiser et prot\u00e9ger vos photos est essentiel<\/a><\/li>\n<li><a class=\"wp-block-latest-posts__post-title\" href=\"https:\/\/www.digitumconsulting.com\/?p=80\">10 exemples montrant pourquoi il est important d&rsquo;avoir une gestion efficace de ses photos<\/a><\/li>\n<\/ul>\n\n\n<p><\/p>\n","protected":false},"excerpt":{"rendered":"","protected":false},"author":1,"featured_media":0,"parent":0,"menu_order":0,"comment_status":"closed","ping_status":"closed","template":"templates\/template-full-width.php","meta":{"footnotes":""},"class_list":["post-53","page","type-page","status-publish","hentry"],"_links":{"self":[{"href":"https:\/\/www.digitumconsulting.com\/index.php?rest_route=\/wp\/v2\/pages\/53","targetHints":{"allow":["GET"]}}],"collection":[{"href":"https:\/\/www.digitumconsulting.com\/index.php?rest_route=\/wp\/v2\/pages"}],"about":[{"href":"https:\/\/www.digitumconsulting.com\/index.php?rest_route=\/wp\/v2\/types\/page"}],"author":[{"embeddable":true,"href":"https:\/\/www.digitumconsulting.com\/index.php?rest_route=\/wp\/v2\/users\/1"}],"replies":[{"embeddable":true,"href":"https:\/\/www.digitumconsulting.com\/index.php?rest_route=%2Fwp%2Fv2%2Fcomments&post=53"}],"version-history":[{"count":9,"href":"https:\/\/www.digitumconsulting.com\/index.php?rest_route=\/wp\/v2\/pages\/53\/revisions"}],"predecessor-version":[{"id":262,"href":"https:\/\/www.digitumconsulting.com\/index.php?rest_route=\/wp\/v2\/pages\/53\/revisions\/262"}],"wp:attachment":[{"href":"https:\/\/www.digitumconsulting.com\/index.php?rest_route=%2Fwp%2Fv2%2Fmedia&parent=53"}],"curies":[{"name":"wp","href":"https:\/\/api.w.org\/{rel}","templated":true}]}}